{"id":3385,"date":"2024-11-01T09:35:20","date_gmt":"2024-11-01T09:35:20","guid":{"rendered":"https:\/\/villaox.com\/?page_id=3385"},"modified":"2025-05-06T11:43:06","modified_gmt":"2025-05-06T11:43:06","slug":"nutzungsbedingungen","status":"publish","type":"page","link":"https:\/\/villaox.com\/de\/nutzungsbedingungen\/","title":{"rendered":"Nutzungsbedingungen"},"content":{"rendered":"\t\t<div data-elementor-type=\"wp-page\" data-elementor-id=\"3385\" class=\"elementor elementor-3385 elementor-1620\" data-elementor-post-type=\"page\">\n\t\t\t\t<div class=\"elementor-element elementor-element-ccdd3f4 e-flex e-con-boxed e-con e-parent\" data-id=\"ccdd3f4\" data-element_type=\"container\" data-e-type=\"container\" data-settings=\"{&quot;hoteller_ext_is_background_parallax&quot;:&quot;false&quot;,&quot;hoteller_ext_is_background_backdrop&quot;:&quot;false&quot;,&quot;hoteller_ext_is_background_on_scroll&quot;:&quot;false&quot;,&quot;hoteller_ext_link_sidemenu&quot;:&quot;false&quot;,&quot;hoteller_ext_link_fullmenu&quot;:&quot;false&quot;,&quot;hoteller_ext_link_closed_fullmenu&quot;:&quot;false&quot;,&quot;hoteller_ext_is_scrollme&quot;:&quot;false&quot;,&quot;hoteller_ext_is_smoove&quot;:&quot;false&quot;,&quot;hoteller_ext_is_parallax_mouse&quot;:&quot;false&quot;,&quot;hoteller_ext_is_infinite&quot;:&quot;false&quot;,&quot;hoteller_ext_is_fadeout_animation&quot;:&quot;false&quot;,&quot;hoteller_ext_mobile_static&quot;:&quot;false&quot;}\">\n\t\t\t\t\t<div class=\"e-con-inner\">\n\t\t\t\t<div class=\"elementor-element elementor-element-1b739db elementor-widget elementor-widget-text-editor\" data-id=\"1b739db\" data-element_type=\"widget\" data-e-type=\"widget\" data-settings=\"{&quot;hoteller_ext_link_sidemenu&quot;:&quot;false&quot;,&quot;hoteller_ext_link_fullmenu&quot;:&quot;false&quot;,&quot;hoteller_ext_link_closed_fullmenu&quot;:&quot;false&quot;,&quot;hoteller_ext_is_scrollme&quot;:&quot;false&quot;,&quot;hoteller_ext_is_smoove&quot;:&quot;false&quot;,&quot;hoteller_ext_is_parallax_mouse&quot;:&quot;false&quot;,&quot;hoteller_ext_is_infinite&quot;:&quot;false&quot;,&quot;hoteller_ext_is_fadeout_animation&quot;:&quot;false&quot;,&quot;hoteller_ext_mobile_static&quot;:&quot;false&quot;}\" data-widget_type=\"text-editor.default\">\n\t\t\t\t<div class=\"elementor-widget-container\">\n\t\t\t\t\t\t\t\t\t<p>Der Inhalt der Website villaox.com ist urheberrechtlich gesch\u00fctzt. Die unbefugte Nutzung jeglicher Teile von villaox.com ohne Zustimmung des Urheberrechtsinhabers stellt eine Urheberrechtsverletzung dar und kann zu Beanstandungen f\u00fchren.<\/p><p>Die auf der Website villaox.com ver\u00f6ffentlichten Dokumente, Daten und Informationen d\u00fcrfen ohne ausdr\u00fcckliche Zustimmung des Websiteinhabers villaox.com weder vervielf\u00e4ltigt, verbreitet noch f\u00fcr kommerzielle Zwecke verwendet werden und d\u00fcrfen auch nicht in einer Weise genutzt werden, die den Eigent\u00fcmern von Villa OX und Villa bOX oder Dritten Schaden zuf\u00fcgen k\u00f6nnte. Die auf dieser Website ver\u00f6ffentlichten Dokumente, Daten und Informationen d\u00fcrfen ausschlie\u00dflich f\u00fcr den individuellen Bedarf des Nutzers unter Beachtung aller Urheber- und Eigentumsrechte sowie Rechte Dritter verwendet werden.<\/p><p>Mit der Nutzung der Inhalte dieser Website \u00fcbernimmt der Nutzer alle damit verbundenen Risiken und erkl\u00e4rt sich damit einverstanden, die Inhalte dieser Website ausschlie\u00dflich f\u00fcr den pers\u00f6nlichen Gebrauch und auf eigene Verantwortung zu verwenden. Die Betreiber von villaox.com lehnen jegliche Haftung (i) f\u00fcr jegliche Nutzung dieser Website, (ii) f\u00fcr jegliches Verhalten des Nutzers bei der Nutzung oder dem Missbrauch der Inhalte dieser Website und (iii) f\u00fcr jegliche Sch\u00e4den ab, die dem Nutzer oder Dritten im Zusammenhang mit der Nutzung oder dem Missbrauch der Inhalte dieser Website entstehen.<\/p><p>Diese Website enth\u00e4lt auch Dokumente, Daten, Informationen und Links zu anderen Websites Dritter, die, soweit m\u00f6glich, als solche gekennzeichnet sind. villaox.com hat keinerlei Kontrolle \u00fcber die oben genannten Dokumente, Daten, Informationen oder andere Websites und lehnt jegliche Haftung, insbesondere f\u00fcr die Richtigkeit, Vollst\u00e4ndigkeit und Verf\u00fcgbarkeit der Inhalte auf von Dritten erstellten Webseiten, ab.<\/p><p>Die Website villaox.com verwendet Cookies, um dem Nutzer kostenlos volle Funktionalit\u00e4t und hochwertige Inhalte zur Verf\u00fcgung zu stellen. Cookies sind Daten, die von einem Website-Server generiert und von einem Webbrowser als kleine Textdatei auf der Festplatte des Nutzers gespeichert werden.<\/p><p>Ein Sitzungscookie wird auf dem Computer des Nutzers der Website villaox.com nur f\u00fcr die Dauer seines Besuchs auf dieser Website abgelegt und erm\u00f6glicht ihm eine effizientere Nutzung der Website. Es verf\u00e4llt automatisch, sobald der Nutzer seinen Browser schlie\u00dft. Dar\u00fcber hinaus erfasst villaox.com mithilfe des Drittanbieterdienstes Google Analytics die Besucherzahlen, um die notwendigen Informationen \u00fcber die Attraktivit\u00e4t und Leistung seiner Seiten zu erhalten. Detaillierte Informationen zu diesem Dienst sowie zu den M\u00f6glichkeiten der Nutzer der Website villaox.com, die hierf\u00fcr erforderlichen Cookies zu regulieren, finden Sie hier: <a href=\"https:\/\/safety.google\/privacy\/privacy-controls\/\" target=\"_blank\" rel=\"noopener\">https:\/\/safety.google\/privacy\/privacy-controls\/<\/a><\/p><p>Nutzer der Website villaox.com k\u00f6nnen den Empfang von Cookies jederzeit selbstst\u00e4ndig \u00fcber ihre Browsereinstellungen regulieren. villaox.com schlie\u00dft jegliche Haftung f\u00fcr Funktionseinbu\u00dfen und\/oder Qualit\u00e4tsverluste der Inhalte der Website villaox.com aus, sofern der Nutzer die Verwendung von Cookies reguliert.<\/p><p>Durch die Nutzung der Website villaox.com erkl\u00e4ren sich die Nutzer mit diesen Nutzungsbedingungen, einschlie\u00dflich der Bedingungen zur Datenverarbeitung und der Cookie-Optionen, einverstanden.<\/p><p>villaox.com verpflichtet sich, die Anonymit\u00e4t und Privatsph\u00e4re der Nutzer zu wahren. personenbezogene Daten wie Name, Adresse, Telefonnummer oder E-Mail-Adresse des Nutzers d\u00fcrfen nur erhoben werden, wenn der Nutzer diese freiwillig \u00fcber die Kontaktseite oder per E-Mail an eine unserer E-Mail-Adressen \u00fcbermittelt.<\/p><p>villaox.com nutzt diese Informationen ausschlie\u00dflich, um die individuellen Bed\u00fcrfnisse und Anforderungen des Nutzers besser zu verstehen und alle Dienstleistungen zur Kundenzufriedenheit bereitzustellen.<\/p><p>villaox.com verpflichtet sich, diese Daten ohne ausdr\u00fcckliche Zustimmung des Nutzers nicht an Dritte weiterzugeben.<\/p><p>villaox.com beh\u00e4lt sich das Recht vor, die Inhalte dieser Website zu \u00e4ndern und haftet nicht f\u00fcr etwaige Folgen solcher \u00c4nderungen.<\/p><p>villaox.com beh\u00e4lt sich das Recht vor, die Nutzungsbedingungen zu \u00e4ndern. \u00dcber \u00c4nderungen der Nutzungsbedingungen werden die Nutzer rechtzeitig und angemessen informiert. \u00c4nderungen der Nutzungsbedingungen treten mit ihrer Ver\u00f6ffentlichung auf der Website villaox.com in Kraft.<\/p>\t\t\t\t\t\t\t\t<\/div>\n\t\t\t\t<\/div>\n\t\t\t\t\t<\/div>\n\t\t\t\t<\/div>\n\t\t\t\t<\/div>\n\t\t","protected":false},"excerpt":{"rendered":"<p>Der Inhalt der Website villaox.com ist urheberrechtlich gesch\u00fctzt. Die unbefugte Nutzung jeglicher Teile von villaox.com ohne Zustimmung des Urheberrechtsinhabers stellt eine Urheberrechtsverletzung dar und kann zu Beanstandungen f\u00fchren. Die auf der Website villaox.com ver\u00f6ffentlichten Dokumente, Daten und Informationen d\u00fcrfen ohne [&hellip;]<\/p>\n","protected":false},"author":1,"featured_media":0,"parent":0,"menu_order":0,"comment_status":"closed","ping_status":"closed","template":"elementor_theme","meta":{"footnotes":""},"class_list":["post-3385","page","type-page","status-publish","hentry"],"_links":{"self":[{"href":"https:\/\/villaox.com\/de\/wp-json\/wp\/v2\/pages\/3385","targetHints":{"allow":["GET"]}}],"collection":[{"href":"https:\/\/villaox.com\/de\/wp-json\/wp\/v2\/pages"}],"about":[{"href":"https:\/\/villaox.com\/de\/wp-json\/wp\/v2\/types\/page"}],"author":[{"embeddable":true,"href":"https:\/\/villaox.com\/de\/wp-json\/wp\/v2\/users\/1"}],"replies":[{"embeddable":true,"href":"https:\/\/villaox.com\/de\/wp-json\/wp\/v2\/comments?post=3385"}],"version-history":[{"count":0,"href":"https:\/\/villaox.com\/de\/wp-json\/wp\/v2\/pages\/3385\/revisions"}],"wp:attachment":[{"href":"https:\/\/villaox.com\/de\/wp-json\/wp\/v2\/media?parent=3385"}],"curies":[{"name":"wp","href":"https:\/\/api.w.org\/{rel}","templated":true}]}}