{"id":3407,"date":"2024-06-16T06:57:13","date_gmt":"2024-06-16T06:57:13","guid":{"rendered":"https:\/\/villaox.com\/unterkuenfte\/"},"modified":"2024-06-16T06:57:13","modified_gmt":"2024-06-16T06:57:13","slug":"unterkuenfte","status":"publish","type":"page","link":"https:\/\/villaox.com\/de\/unterkuenfte\/","title":{"rendered":"Unterk\u00fcnfte"},"content":{"rendered":"<div class=\"mphb_sc_rooms-wrapper mphb-room-types \">\n<div class=\"mphb-room-type post-3334 mphb_room_type type-mphb_room_type status-publish has-post-thumbnail mphb_room_type_category-villa-de mphb-room-type-adults-14 mphb-room-type-children-0 \">\n\n\t\n\t\n\n\t<div class=\"mphb-room-type-images\">\n\t<div id='mphb-flexslider-gallery-1' class='gallery-columns-1 gallery-size-large mphb-gallery-main-slider mphb-flexslider-gallery-wrapper mphb-room-type-gallery-wrapper mphb-gallery-main-slider-69f16284c5508' data-flexslider-atts='{\"animation\":\"slide\",\"controlNav\":false,\"animationLoop\":true,\"smoothHeight\":true,\"slideshow\":false}' data-group='69f16284c5508'><ul class=\"slides\"><li class='gallery-item'><span class='gallery-icon landscape'>\n\t\t\t\t<a href=\"https:\/\/villaox.com\/de\/villa\/villa-box\/\"><img loading=\"lazy\" decoding=\"async\" width=\"1024\" height=\"683\" src=\"https:\/\/villaox.com\/wp-content\/uploads\/2026\/02\/VillaBox-FINAL-20-1024x683.jpg\" class=\"attachment-large size-large\" alt=\"\" srcset=\"https:\/\/villaox.com\/wp-content\/uploads\/2026\/02\/VillaBox-FINAL-20-1024x683.jpg 1024w, https:\/\/villaox.com\/wp-content\/uploads\/2026\/02\/VillaBox-FINAL-20-300x200.jpg 300w, https:\/\/villaox.com\/wp-content\/uploads\/2026\/02\/VillaBox-FINAL-20-768x512.jpg 768w, https:\/\/villaox.com\/wp-content\/uploads\/2026\/02\/VillaBox-FINAL-20-1536x1024.jpg 1536w, https:\/\/villaox.com\/wp-content\/uploads\/2026\/02\/VillaBox-FINAL-20-700x466.jpg 700w, https:\/\/villaox.com\/wp-content\/uploads\/2026\/02\/VillaBox-FINAL-20-440x293.jpg 440w, https:\/\/villaox.com\/wp-content\/uploads\/2026\/02\/VillaBox-FINAL-20.jpg 2048w\" sizes=\"auto, (max-width: 1024px) 100vw, 1024px\" \/><\/a>\n\t\t\t<\/span><\/li><li class='gallery-item'><span class='gallery-icon landscape'>\n\t\t\t\t<a href=\"https:\/\/villaox.com\/de\/villa\/villa-box\/\"><img loading=\"lazy\" decoding=\"async\" width=\"1024\" height=\"683\" src=\"https:\/\/villaox.com\/wp-content\/uploads\/2024\/11\/VillaBox-9-1024x683.jpg\" class=\"attachment-large size-large\" alt=\"\" srcset=\"https:\/\/villaox.com\/wp-content\/uploads\/2024\/11\/VillaBox-9-1024x683.jpg 1024w, https:\/\/villaox.com\/wp-content\/uploads\/2024\/11\/VillaBox-9-300x200.jpg 300w, https:\/\/villaox.com\/wp-content\/uploads\/2024\/11\/VillaBox-9-768x512.jpg 768w, https:\/\/villaox.com\/wp-content\/uploads\/2024\/11\/VillaBox-9-1536x1024.jpg 1536w, https:\/\/villaox.com\/wp-content\/uploads\/2024\/11\/VillaBox-9-700x466.jpg 700w, https:\/\/villaox.com\/wp-content\/uploads\/2024\/11\/VillaBox-9-440x293.jpg 440w, https:\/\/villaox.com\/wp-content\/uploads\/2024\/11\/VillaBox-9-600x400.jpg 600w, https:\/\/villaox.com\/wp-content\/uploads\/2024\/11\/VillaBox-9.jpg 2048w\" sizes=\"auto, (max-width: 1024px) 100vw, 1024px\" \/><\/a>\n\t\t\t<\/span><\/li><\/ul>\n\t\t<\/div>\n<div id='mphb-flexslider-gallery-2' class='gallery-columns-4 gallery-size-thumbnail mphb-gallery-thumbnail-slider mphb-flexslider-gallery-wrapper mphb-room-type-gallery-wrapper mphb-gallery-thumbnail-slider-69f16284c5508' data-flexslider-atts='{\"animation\":\"slide\",\"controlNav\":false,\"animationLoop\":true,\"slideshow\":false,\"itemMargin\":5}' data-group='69f16284c5508'><ul class=\"slides\"><li class='gallery-item'><span class='gallery-icon landscape'>\n\t\t\t\t<a href='https:\/\/villaox.com\/de\/villabox-final-20\/'><img loading=\"lazy\" decoding=\"async\" width=\"150\" height=\"150\" src=\"https:\/\/villaox.com\/wp-content\/uploads\/2026\/02\/VillaBox-FINAL-20-150x150.jpg\" class=\"attachment-thumbnail size-thumbnail\" alt=\"\" srcset=\"https:\/\/villaox.com\/wp-content\/uploads\/2026\/02\/VillaBox-FINAL-20-150x150.jpg 150w, https:\/\/villaox.com\/wp-content\/uploads\/2026\/02\/VillaBox-FINAL-20-610x610.jpg 610w\" sizes=\"auto, (max-width: 150px) 100vw, 150px\" \/><\/a>\n\t\t\t<\/span><\/li><li class='gallery-item'><span class='gallery-icon landscape'>\n\t\t\t\t<a href='https:\/\/villaox.com\/de\/villa\/villa-box\/villabox-9-2\/'><img loading=\"lazy\" decoding=\"async\" width=\"150\" height=\"150\" src=\"https:\/\/villaox.com\/wp-content\/uploads\/2024\/11\/VillaBox-9-150x150.jpg\" class=\"attachment-thumbnail size-thumbnail\" alt=\"\" srcset=\"https:\/\/villaox.com\/wp-content\/uploads\/2024\/11\/VillaBox-9-150x150.jpg 150w, https:\/\/villaox.com\/wp-content\/uploads\/2024\/11\/VillaBox-9-610x610.jpg 610w, https:\/\/villaox.com\/wp-content\/uploads\/2024\/11\/VillaBox-9-300x300.jpg 300w, https:\/\/villaox.com\/wp-content\/uploads\/2024\/11\/VillaBox-9-100x100.jpg 100w\" sizes=\"auto, (max-width: 150px) 100vw, 150px\" \/><\/a>\n\t\t\t<\/span><\/li><\/ul>\n\t\t<\/div>\n\n\t<\/div>\n\t\n<h2 class=\"mphb-room-type-title entry-title\">\n\n<a class=\"mphb-room-type-title\" href=\"https:\/\/villaox.com\/de\/villa\/villa-box\/\">Villa bOX<\/a>\n\n<\/h2>\n\n<p>Villa bOX vereint avantgardistisches Design mit h\u00f6chstem Wohnkomfort und setzt damit neue Ma\u00dfst\u00e4be<\/p>\n\n\n<h3 class=\"mphb-room-type-details-title\">Details<\/h3><ul class=\"mphb-loop-room-type-attributes\">\n\n\n\n\n\t<li class=\"mphb-room-type-view\"><span class=\"mphb-attribute-title mphb-view-title\">Ansicht:<\/span><span class=\"mphb-attribute-value\">\n\tView of the swimming pool and the surrounding forest\n\t<\/span><\/li>\n\t\n\n\n\t<li class=\"mphb-room-type-size\"><span class=\"mphb-attribute-title mphb-size-title\">Gr\u00f6\u00dfe:<\/span><span class=\"mphb-attribute-value\">\n\t350m\u00b2\n\t<\/span><\/li>\n\t\n\n\n\n\t<li class=\"mphb-room-type-categories\"><span class=\"mphb-attribute-title mphb-categories-title\">Kategorien:<\/span><span class=\"mphb-attribute-value\"> <span class=\"category-villa-de\"><a href=\"https:\/\/villaox.com\/de\/accommodation-category\/villa-de\/\">Villa<\/a><\/span><\/span><\/li>\n\t\n<\/ul>\n\n\t<p class=\"mphb-regular-price\"><strong>Preis von:<\/strong>\n\t<span class=\"mphb-price\"><span class=\"mphb-currency\">&euro;<\/span>1,800<\/span> <span class=\"mphb-price-period\" title=\"W\u00e4hlen Sie Daten, um relevante Preise zu sehen\">f\u00fcr ausgew\u00e4hlte Termine<\/span>\n\t<\/p>\n\t\n<p class=\"mphb-view-details-button-wrapper\">\n<a class=\"button mphb-view-details-button\" href=\"https:\/\/villaox.com\/de\/villa\/villa-box\/\" >Details ansehen<\/a>\n<\/p>\n<div class=\"mphb-to-book-btn-wrapper\">\n<form action=\"https:\/\/villaox.com\/de\/villa\/villa-box\/#booking-form-3334\" method=\"get\" ><button type=\"submit\" class=\"button mphb-book-button\" >Buchen<\/button><\/form>\n<br\/><\/div>\n\t\n<\/div>\n\n<div class=\"mphb-room-type post-3340 mphb_room_type type-mphb_room_type status-publish has-post-thumbnail mphb_room_type_category-villa-de mphb-room-type-adults-14 mphb-room-type-children-0 \">\n\n\t\n\t\n\n\t<div class=\"mphb-room-type-images\">\n\t<div id='mphb-flexslider-gallery-3' class='gallery-columns-1 gallery-size-large mphb-gallery-main-slider mphb-flexslider-gallery-wrapper mphb-room-type-gallery-wrapper mphb-gallery-main-slider-69f16284cd2f5' data-flexslider-atts='{\"animation\":\"slide\",\"controlNav\":false,\"animationLoop\":true,\"smoothHeight\":true,\"slideshow\":false}' data-group='69f16284cd2f5'><ul class=\"slides\"><li class='gallery-item'><span class='gallery-icon landscape'>\n\t\t\t\t<a href=\"https:\/\/villaox.com\/de\/villa\/villa-ox\/\"><img loading=\"lazy\" decoding=\"async\" width=\"1024\" height=\"682\" src=\"https:\/\/villaox.com\/wp-content\/uploads\/2024\/10\/3-1024x682.jpg\" class=\"attachment-large size-large\" alt=\"\" srcset=\"https:\/\/villaox.com\/wp-content\/uploads\/2024\/10\/3-1024x682.jpg 1024w, https:\/\/villaox.com\/wp-content\/uploads\/2024\/10\/3-300x200.jpg 300w, https:\/\/villaox.com\/wp-content\/uploads\/2024\/10\/3-768x512.jpg 768w, https:\/\/villaox.com\/wp-content\/uploads\/2024\/10\/3-1536x1023.jpg 1536w, https:\/\/villaox.com\/wp-content\/uploads\/2024\/10\/3-700x466.jpg 700w, https:\/\/villaox.com\/wp-content\/uploads\/2024\/10\/3-440x293.jpg 440w, https:\/\/villaox.com\/wp-content\/uploads\/2024\/10\/3-600x400.jpg 600w, https:\/\/villaox.com\/wp-content\/uploads\/2024\/10\/3.jpg 2048w\" sizes=\"auto, (max-width: 1024px) 100vw, 1024px\" \/><\/a>\n\t\t\t<\/span><\/li><li class='gallery-item'><span class='gallery-icon landscape'>\n\t\t\t\t<a href=\"https:\/\/villaox.com\/de\/villa\/villa-ox\/\"><img loading=\"lazy\" decoding=\"async\" width=\"1024\" height=\"683\" src=\"https:\/\/villaox.com\/wp-content\/uploads\/2024\/10\/28-1024x683.jpg\" class=\"attachment-large size-large\" alt=\"\" srcset=\"https:\/\/villaox.com\/wp-content\/uploads\/2024\/10\/28-1024x683.jpg 1024w, https:\/\/villaox.com\/wp-content\/uploads\/2024\/10\/28-300x200.jpg 300w, https:\/\/villaox.com\/wp-content\/uploads\/2024\/10\/28-768x512.jpg 768w, https:\/\/villaox.com\/wp-content\/uploads\/2024\/10\/28-1536x1024.jpg 1536w, https:\/\/villaox.com\/wp-content\/uploads\/2024\/10\/28-700x466.jpg 700w, https:\/\/villaox.com\/wp-content\/uploads\/2024\/10\/28-440x293.jpg 440w, https:\/\/villaox.com\/wp-content\/uploads\/2024\/10\/28-600x400.jpg 600w, https:\/\/villaox.com\/wp-content\/uploads\/2024\/10\/28.jpg 2048w\" sizes=\"auto, (max-width: 1024px) 100vw, 1024px\" \/><\/a>\n\t\t\t<\/span><\/li><li class='gallery-item'><span class='gallery-icon landscape'>\n\t\t\t\t<a href=\"https:\/\/villaox.com\/de\/villa\/villa-ox\/\"><img loading=\"lazy\" decoding=\"async\" width=\"1024\" height=\"683\" src=\"https:\/\/villaox.com\/wp-content\/uploads\/2024\/10\/29-1024x683.jpg\" class=\"attachment-large size-large\" alt=\"\" srcset=\"https:\/\/villaox.com\/wp-content\/uploads\/2024\/10\/29-1024x683.jpg 1024w, https:\/\/villaox.com\/wp-content\/uploads\/2024\/10\/29-300x200.jpg 300w, https:\/\/villaox.com\/wp-content\/uploads\/2024\/10\/29-768x512.jpg 768w, https:\/\/villaox.com\/wp-content\/uploads\/2024\/10\/29-1536x1024.jpg 1536w, https:\/\/villaox.com\/wp-content\/uploads\/2024\/10\/29-700x466.jpg 700w, https:\/\/villaox.com\/wp-content\/uploads\/2024\/10\/29-440x293.jpg 440w, https:\/\/villaox.com\/wp-content\/uploads\/2024\/10\/29-600x400.jpg 600w, https:\/\/villaox.com\/wp-content\/uploads\/2024\/10\/29.jpg 2048w\" sizes=\"auto, (max-width: 1024px) 100vw, 1024px\" \/><\/a>\n\t\t\t<\/span><\/li><li class='gallery-item'><span class='gallery-icon landscape'>\n\t\t\t\t<a href=\"https:\/\/villaox.com\/de\/villa\/villa-ox\/\"><img loading=\"lazy\" decoding=\"async\" width=\"1024\" height=\"683\" src=\"https:\/\/villaox.com\/wp-content\/uploads\/2024\/10\/140-1024x683.jpg\" class=\"attachment-large size-large\" alt=\"\" srcset=\"https:\/\/villaox.com\/wp-content\/uploads\/2024\/10\/140-1024x683.jpg 1024w, https:\/\/villaox.com\/wp-content\/uploads\/2024\/10\/140-300x200.jpg 300w, https:\/\/villaox.com\/wp-content\/uploads\/2024\/10\/140-768x512.jpg 768w, https:\/\/villaox.com\/wp-content\/uploads\/2024\/10\/140-1536x1024.jpg 1536w, https:\/\/villaox.com\/wp-content\/uploads\/2024\/10\/140-700x466.jpg 700w, https:\/\/villaox.com\/wp-content\/uploads\/2024\/10\/140-440x293.jpg 440w, https:\/\/villaox.com\/wp-content\/uploads\/2024\/10\/140-600x400.jpg 600w, https:\/\/villaox.com\/wp-content\/uploads\/2024\/10\/140.jpg 2048w\" sizes=\"auto, (max-width: 1024px) 100vw, 1024px\" \/><\/a>\n\t\t\t<\/span><\/li><li class='gallery-item'><span class='gallery-icon landscape'>\n\t\t\t\t<a href=\"https:\/\/villaox.com\/de\/villa\/villa-ox\/\"><img loading=\"lazy\" decoding=\"async\" width=\"1024\" height=\"683\" src=\"https:\/\/villaox.com\/wp-content\/uploads\/2024\/10\/17-1024x683.jpg\" class=\"attachment-large size-large\" alt=\"\" srcset=\"https:\/\/villaox.com\/wp-content\/uploads\/2024\/10\/17-1024x683.jpg 1024w, https:\/\/villaox.com\/wp-content\/uploads\/2024\/10\/17-300x200.jpg 300w, https:\/\/villaox.com\/wp-content\/uploads\/2024\/10\/17-768x512.jpg 768w, https:\/\/villaox.com\/wp-content\/uploads\/2024\/10\/17-1536x1024.jpg 1536w, https:\/\/villaox.com\/wp-content\/uploads\/2024\/10\/17-700x466.jpg 700w, https:\/\/villaox.com\/wp-content\/uploads\/2024\/10\/17-440x293.jpg 440w, https:\/\/villaox.com\/wp-content\/uploads\/2024\/10\/17-600x400.jpg 600w, https:\/\/villaox.com\/wp-content\/uploads\/2024\/10\/17.jpg 2048w\" sizes=\"auto, (max-width: 1024px) 100vw, 1024px\" \/><\/a>\n\t\t\t<\/span><\/li><li class='gallery-item'><span class='gallery-icon landscape'>\n\t\t\t\t<a href=\"https:\/\/villaox.com\/de\/villa\/villa-ox\/\"><img loading=\"lazy\" decoding=\"async\" width=\"1024\" height=\"683\" src=\"https:\/\/villaox.com\/wp-content\/uploads\/2024\/10\/53-1024x683.jpg\" class=\"attachment-large size-large\" alt=\"\" srcset=\"https:\/\/villaox.com\/wp-content\/uploads\/2024\/10\/53-1024x683.jpg 1024w, https:\/\/villaox.com\/wp-content\/uploads\/2024\/10\/53-300x200.jpg 300w, https:\/\/villaox.com\/wp-content\/uploads\/2024\/10\/53-768x512.jpg 768w, https:\/\/villaox.com\/wp-content\/uploads\/2024\/10\/53-1536x1024.jpg 1536w, https:\/\/villaox.com\/wp-content\/uploads\/2024\/10\/53-700x466.jpg 700w, https:\/\/villaox.com\/wp-content\/uploads\/2024\/10\/53-440x293.jpg 440w, https:\/\/villaox.com\/wp-content\/uploads\/2024\/10\/53-600x400.jpg 600w, https:\/\/villaox.com\/wp-content\/uploads\/2024\/10\/53.jpg 2048w\" sizes=\"auto, (max-width: 1024px) 100vw, 1024px\" \/><\/a>\n\t\t\t<\/span><\/li><li class='gallery-item'><span class='gallery-icon landscape'>\n\t\t\t\t<a href=\"https:\/\/villaox.com\/de\/villa\/villa-ox\/\"><img loading=\"lazy\" decoding=\"async\" width=\"1024\" height=\"683\" src=\"https:\/\/villaox.com\/wp-content\/uploads\/2024\/10\/92-1024x683.jpg\" class=\"attachment-large size-large\" alt=\"\" srcset=\"https:\/\/villaox.com\/wp-content\/uploads\/2024\/10\/92-1024x683.jpg 1024w, https:\/\/villaox.com\/wp-content\/uploads\/2024\/10\/92-300x200.jpg 300w, https:\/\/villaox.com\/wp-content\/uploads\/2024\/10\/92-768x512.jpg 768w, https:\/\/villaox.com\/wp-content\/uploads\/2024\/10\/92-1536x1024.jpg 1536w, https:\/\/villaox.com\/wp-content\/uploads\/2024\/10\/92-700x466.jpg 700w, https:\/\/villaox.com\/wp-content\/uploads\/2024\/10\/92-440x293.jpg 440w, https:\/\/villaox.com\/wp-content\/uploads\/2024\/10\/92-600x400.jpg 600w, https:\/\/villaox.com\/wp-content\/uploads\/2024\/10\/92.jpg 2048w\" sizes=\"auto, (max-width: 1024px) 100vw, 1024px\" \/><\/a>\n\t\t\t<\/span><\/li><\/ul>\n\t\t<\/div>\n<div id='mphb-flexslider-gallery-4' class='gallery-columns-4 gallery-size-thumbnail mphb-gallery-thumbnail-slider mphb-flexslider-gallery-wrapper mphb-room-type-gallery-wrapper mphb-gallery-thumbnail-slider-69f16284cd2f5' data-flexslider-atts='{\"animation\":\"slide\",\"controlNav\":false,\"animationLoop\":true,\"slideshow\":false,\"itemMargin\":5}' data-group='69f16284cd2f5'><ul class=\"slides\"><li class='gallery-item'><span class='gallery-icon landscape'>\n\t\t\t\t<a href='https:\/\/villaox.com\/de\/villa\/villa-ox\/3-3-2\/'><img loading=\"lazy\" decoding=\"async\" width=\"150\" height=\"150\" src=\"https:\/\/villaox.com\/wp-content\/uploads\/2024\/10\/3-150x150.jpg\" class=\"attachment-thumbnail size-thumbnail\" alt=\"\" srcset=\"https:\/\/villaox.com\/wp-content\/uploads\/2024\/10\/3-150x150.jpg 150w, https:\/\/villaox.com\/wp-content\/uploads\/2024\/10\/3-610x610.jpg 610w, https:\/\/villaox.com\/wp-content\/uploads\/2024\/10\/3-300x300.jpg 300w, https:\/\/villaox.com\/wp-content\/uploads\/2024\/10\/3-100x100.jpg 100w\" sizes=\"auto, (max-width: 150px) 100vw, 150px\" \/><\/a>\n\t\t\t<\/span><\/li><li class='gallery-item'><span class='gallery-icon landscape'>\n\t\t\t\t<a href='https:\/\/villaox.com\/de\/villa\/villa-ox\/28-4-2\/'><img loading=\"lazy\" decoding=\"async\" width=\"150\" height=\"150\" src=\"https:\/\/villaox.com\/wp-content\/uploads\/2024\/10\/28-150x150.jpg\" class=\"attachment-thumbnail size-thumbnail\" alt=\"\" srcset=\"https:\/\/villaox.com\/wp-content\/uploads\/2024\/10\/28-150x150.jpg 150w, https:\/\/villaox.com\/wp-content\/uploads\/2024\/10\/28-610x610.jpg 610w, https:\/\/villaox.com\/wp-content\/uploads\/2024\/10\/28-300x300.jpg 300w, https:\/\/villaox.com\/wp-content\/uploads\/2024\/10\/28-100x100.jpg 100w\" sizes=\"auto, (max-width: 150px) 100vw, 150px\" \/><\/a>\n\t\t\t<\/span><\/li><li class='gallery-item'><span class='gallery-icon landscape'>\n\t\t\t\t<a href='https:\/\/villaox.com\/de\/villa\/villa-ox\/29-5-2\/'><img loading=\"lazy\" decoding=\"async\" width=\"150\" height=\"150\" src=\"https:\/\/villaox.com\/wp-content\/uploads\/2024\/10\/29-150x150.jpg\" class=\"attachment-thumbnail size-thumbnail\" alt=\"\" srcset=\"https:\/\/villaox.com\/wp-content\/uploads\/2024\/10\/29-150x150.jpg 150w, https:\/\/villaox.com\/wp-content\/uploads\/2024\/10\/29-610x610.jpg 610w, https:\/\/villaox.com\/wp-content\/uploads\/2024\/10\/29-300x300.jpg 300w, https:\/\/villaox.com\/wp-content\/uploads\/2024\/10\/29-100x100.jpg 100w\" sizes=\"auto, (max-width: 150px) 100vw, 150px\" \/><\/a>\n\t\t\t<\/span><\/li><li class='gallery-item'><span class='gallery-icon landscape'>\n\t\t\t\t<a href='https:\/\/villaox.com\/de\/villa\/villa-ox\/140-3\/'><img loading=\"lazy\" decoding=\"async\" width=\"150\" height=\"150\" src=\"https:\/\/villaox.com\/wp-content\/uploads\/2024\/10\/140-150x150.jpg\" class=\"attachment-thumbnail size-thumbnail\" alt=\"\" srcset=\"https:\/\/villaox.com\/wp-content\/uploads\/2024\/10\/140-150x150.jpg 150w, https:\/\/villaox.com\/wp-content\/uploads\/2024\/10\/140-610x610.jpg 610w, https:\/\/villaox.com\/wp-content\/uploads\/2024\/10\/140-300x300.jpg 300w, https:\/\/villaox.com\/wp-content\/uploads\/2024\/10\/140-100x100.jpg 100w\" sizes=\"auto, (max-width: 150px) 100vw, 150px\" \/><\/a>\n\t\t\t<\/span><\/li><li class='gallery-item'><span class='gallery-icon landscape'>\n\t\t\t\t<a href='https:\/\/villaox.com\/de\/villa\/villa-ox\/17-4-2\/'><img loading=\"lazy\" decoding=\"async\" width=\"150\" height=\"150\" src=\"https:\/\/villaox.com\/wp-content\/uploads\/2024\/10\/17-150x150.jpg\" class=\"attachment-thumbnail size-thumbnail\" alt=\"\" srcset=\"https:\/\/villaox.com\/wp-content\/uploads\/2024\/10\/17-150x150.jpg 150w, https:\/\/villaox.com\/wp-content\/uploads\/2024\/10\/17-610x610.jpg 610w, https:\/\/villaox.com\/wp-content\/uploads\/2024\/10\/17-300x300.jpg 300w, https:\/\/villaox.com\/wp-content\/uploads\/2024\/10\/17-100x100.jpg 100w\" sizes=\"auto, (max-width: 150px) 100vw, 150px\" \/><\/a>\n\t\t\t<\/span><\/li><li class='gallery-item'><span class='gallery-icon landscape'>\n\t\t\t\t<a href='https:\/\/villaox.com\/de\/villa\/villa-ox\/53-3-2\/'><img loading=\"lazy\" decoding=\"async\" width=\"150\" height=\"150\" src=\"https:\/\/villaox.com\/wp-content\/uploads\/2024\/10\/53-150x150.jpg\" class=\"attachment-thumbnail size-thumbnail\" alt=\"\" srcset=\"https:\/\/villaox.com\/wp-content\/uploads\/2024\/10\/53-150x150.jpg 150w, https:\/\/villaox.com\/wp-content\/uploads\/2024\/10\/53-610x610.jpg 610w, https:\/\/villaox.com\/wp-content\/uploads\/2024\/10\/53-300x300.jpg 300w, https:\/\/villaox.com\/wp-content\/uploads\/2024\/10\/53-100x100.jpg 100w\" sizes=\"auto, (max-width: 150px) 100vw, 150px\" \/><\/a>\n\t\t\t<\/span><\/li><li class='gallery-item'><span class='gallery-icon landscape'>\n\t\t\t\t<a href='https:\/\/villaox.com\/de\/villa\/villa-ox\/92-3-2\/'><img loading=\"lazy\" decoding=\"async\" width=\"150\" height=\"150\" src=\"https:\/\/villaox.com\/wp-content\/uploads\/2024\/10\/92-150x150.jpg\" class=\"attachment-thumbnail size-thumbnail\" alt=\"\" srcset=\"https:\/\/villaox.com\/wp-content\/uploads\/2024\/10\/92-150x150.jpg 150w, https:\/\/villaox.com\/wp-content\/uploads\/2024\/10\/92-610x610.jpg 610w, https:\/\/villaox.com\/wp-content\/uploads\/2024\/10\/92-300x300.jpg 300w, https:\/\/villaox.com\/wp-content\/uploads\/2024\/10\/92-100x100.jpg 100w\" sizes=\"auto, (max-width: 150px) 100vw, 150px\" \/><\/a>\n\t\t\t<\/span><\/li><\/ul>\n\t\t<\/div>\n\n\t<\/div>\n\t\n<h2 class=\"mphb-room-type-title entry-title\">\n\n<a class=\"mphb-room-type-title\" href=\"https:\/\/villaox.com\/de\/villa\/villa-ox\/\">Villa OX<\/a>\n\n<\/h2>\n\n<p>Villa OX ist ein Statement des modernen Luxus &#8211; eine harmonische Verbindung aus eleganter, zeitgen\u00f6ssischer Architektur und der nat\u00fcrlichen Sch\u00f6nheit des istrianischen Hinterlandes.<\/p>\n\n\n<h3 class=\"mphb-room-type-details-title\">Details<\/h3><ul class=\"mphb-loop-room-type-attributes\">\n\n\n\n\n\n\n\t<li class=\"mphb-room-type-size\"><span class=\"mphb-attribute-title mphb-size-title\">Gr\u00f6\u00dfe:<\/span><span class=\"mphb-attribute-value\">\n\t300m\u00b2\n\t<\/span><\/li>\n\t\n\n\n\n\t<li class=\"mphb-room-type-categories\"><span class=\"mphb-attribute-title mphb-categories-title\">Kategorien:<\/span><span class=\"mphb-attribute-value\"> <span class=\"category-villa-de\"><a href=\"https:\/\/villaox.com\/de\/accommodation-category\/villa-de\/\">Villa<\/a><\/span><\/span><\/li>\n\t\n<\/ul>\n\n\t<p class=\"mphb-regular-price\"><strong>Preis von:<\/strong>\n\t<span class=\"mphb-price\"><span class=\"mphb-currency\">&euro;<\/span>1,200<\/span> <span class=\"mphb-price-period\" title=\"W\u00e4hlen Sie Daten, um relevante Preise zu sehen\">f\u00fcr ausgew\u00e4hlte Termine<\/span>\n\t<\/p>\n\t\n<p class=\"mphb-view-details-button-wrapper\">\n<a class=\"button mphb-view-details-button\" href=\"https:\/\/villaox.com\/de\/villa\/villa-ox\/\" >Details ansehen<\/a>\n<\/p>\n<div class=\"mphb-to-book-btn-wrapper\">\n<form action=\"https:\/\/villaox.com\/de\/villa\/villa-ox\/#booking-form-3340\" method=\"get\" ><button type=\"submit\" class=\"button mphb-book-button\" >Buchen<\/button><\/form>\n<br\/><\/div>\n\t\n<\/div>\n<\/div>\n","protected":false},"excerpt":{"rendered":"","protected":false},"author":1,"featured_media":0,"parent":0,"menu_order":0,"comment_status":"closed","ping_status":"closed","template":"","meta":{"footnotes":""},"class_list":["post-3407","page","type-page","status-publish","hentry"],"_links":{"self":[{"href":"https:\/\/villaox.com\/de\/wp-json\/wp\/v2\/pages\/3407","targetHints":{"allow":["GET"]}}],"collection":[{"href":"https:\/\/villaox.com\/de\/wp-json\/wp\/v2\/pages"}],"about":[{"href":"https:\/\/villaox.com\/de\/wp-json\/wp\/v2\/types\/page"}],"author":[{"embeddable":true,"href":"https:\/\/villaox.com\/de\/wp-json\/wp\/v2\/users\/1"}],"replies":[{"embeddable":true,"href":"https:\/\/villaox.com\/de\/wp-json\/wp\/v2\/comments?post=3407"}],"version-history":[{"count":0,"href":"https:\/\/villaox.com\/de\/wp-json\/wp\/v2\/pages\/3407\/revisions"}],"wp:attachment":[{"href":"https:\/\/villaox.com\/de\/wp-json\/wp\/v2\/media?parent=3407"}],"curies":[{"name":"wp","href":"https:\/\/api.w.org\/{rel}","templated":true}]}}