{"id":2972,"date":"2024-06-16T06:56:22","date_gmt":"2024-06-16T06:56:22","guid":{"rendered":"https:\/\/villaox.com\/?page_id=2972"},"modified":"2025-05-08T13:04:39","modified_gmt":"2025-05-08T13:04:39","slug":"opci-uvjeti-i-odredbe","status":"publish","type":"page","link":"https:\/\/villaox.com\/hr\/opci-uvjeti-i-odredbe\/","title":{"rendered":"Op\u0107i uvjeti i odredbe"},"content":{"rendered":"\t\t<div data-elementor-type=\"wp-page\" data-elementor-id=\"2972\" class=\"elementor elementor-2972 elementor-24\" data-elementor-post-type=\"page\">\n\t\t\t\t<div class=\"elementor-element elementor-element-7a7eb256 e-flex e-con-boxed e-con e-parent\" data-id=\"7a7eb256\" data-element_type=\"container\" data-e-type=\"container\" data-settings=\"{&quot;hoteller_ext_is_background_parallax&quot;:&quot;false&quot;,&quot;hoteller_ext_is_background_backdrop&quot;:&quot;false&quot;,&quot;hoteller_ext_is_background_on_scroll&quot;:&quot;false&quot;,&quot;hoteller_ext_link_sidemenu&quot;:&quot;false&quot;,&quot;hoteller_ext_link_fullmenu&quot;:&quot;false&quot;,&quot;hoteller_ext_link_closed_fullmenu&quot;:&quot;false&quot;,&quot;hoteller_ext_is_scrollme&quot;:&quot;false&quot;,&quot;hoteller_ext_is_smoove&quot;:&quot;false&quot;,&quot;hoteller_ext_is_parallax_mouse&quot;:&quot;false&quot;,&quot;hoteller_ext_is_infinite&quot;:&quot;false&quot;,&quot;hoteller_ext_is_fadeout_animation&quot;:&quot;false&quot;,&quot;hoteller_ext_mobile_static&quot;:&quot;false&quot;}\">\n\t\t\t\t\t<div class=\"e-con-inner\">\n\t\t\t\t<div class=\"elementor-element elementor-element-7108a254 elementor-widget elementor-widget-text-editor\" data-id=\"7108a254\" data-element_type=\"widget\" data-e-type=\"widget\" data-settings=\"{&quot;hoteller_ext_link_sidemenu&quot;:&quot;false&quot;,&quot;hoteller_ext_link_fullmenu&quot;:&quot;false&quot;,&quot;hoteller_ext_link_closed_fullmenu&quot;:&quot;false&quot;,&quot;hoteller_ext_is_scrollme&quot;:&quot;false&quot;,&quot;hoteller_ext_is_smoove&quot;:&quot;false&quot;,&quot;hoteller_ext_is_parallax_mouse&quot;:&quot;false&quot;,&quot;hoteller_ext_is_infinite&quot;:&quot;false&quot;,&quot;hoteller_ext_is_fadeout_animation&quot;:&quot;false&quot;,&quot;hoteller_ext_mobile_static&quot;:&quot;false&quot;}\" data-widget_type=\"text-editor.default\">\n\t\t\t\t<div class=\"elementor-widget-container\">\n\t\t\t\t\t\t\t\t\t<p><strong>OP\u0106ENITO<\/strong><\/p>\n<p>Villa Ox je u vlasni\u0161tvu tvrtke Summum nekretnine d.o.o. (dru\u0161tvo s ograni\u010denom odgovorno\u0161\u0107u). Ovo su op\u0107i uvjeti najma koje sklapate kao najmoprimac (u daljnjem tekstu: gost) s Summum nekretnine d.o.o. kao najmodavcem (u daljnjem tekstu: vlasnik).<\/p>\n<p>Pla\u0107anjem predujma za rezervaciju za tra\u017eeni period, gost bezuvjetno prihva\u0107a ove Op\u0107e uvjete i odredbe koji su tako\u0111er objavljeni na internetskoj stranici <a href=\"http:\/\/www.villaox.com\">www.villaox.com<\/a> i koji stupaju na snagu danom objave. Svi aneksi ugovora o najmu bit \u0107e va\u017ee\u0107i samo ako su sastavljeni u pisanom obliku.<\/p>\n<p>Nakon zaprimanja predujma, gostu \u0107e biti poslana pisana potvrda rezervacije u obliku ra\u010duna (u daljnjem tekstu: potvrda). Pisana potvrda rezervacije zajedno s ovim Op\u0107im uvjetima i odredbama \u010dini ugovor o najmu izme\u0111u gosta i vlasnika.<\/p>\n<p>Gost mora imati najmanje 21 godinu na dan rezervacije i\/ili uplate predujma.<\/p>\n<ol>\n<li><strong> PO\u010cETAK NAJMA<\/strong><\/li>\n<\/ol>\n<p>Vila \u0107e biti spremna za prijavu (check-in) do 16:00 sati po lokalnom vremenu na dan dolaska. U slu\u010daju ranijeg dolaska, gost ne\u0107e mo\u0107i u\u0107i u vilu. Klju\u010devi \u0107e biti predani samo ako je puna cijena najma u cijelosti pla\u0107ena. Odjava (check-out) iz vile mora se obaviti najkasnije do 10:00 sati po lokalnom vremenu na dan odlaska, a gost je du\u017ean napustiti vilu i vratiti klju\u010deve vlasniku. U slu\u010daju kasnijeg odlaska, gost je obvezan platiti sve dodatne tro\u0161kove nastale za vlasnika. Dodatni tro\u0161kovi \u0107e se naplatiti gostu izravno na licu mjesta.<\/p>\n<p><strong>1.1 Registracija gosta<\/strong><\/p>\n<p>Gost je du\u017ean vlasniku predo\u010diti slu\u017ebene identifikacijske dokumente koji sadr\u017ee osobne podatke za potrebe turisti\u010dke registracije pri nacionalnoj turisti\u010dkoj zajednici (HTZ). Ove informacije ne\u0107e se koristiti ni u kakve druge svrhe osim za izvr\u0161avanje i ispunjavanje ugovora o najmu te relevantnih registracija i zahtjeva prema va\u017ee\u0107im zakonima. Gost koji ne predo\u010di valjanu osobnu ispravu potrebnu za turisti\u010dku registraciju, kako to zakon zahtijeva, mo\u017ee biti odbijen za ulazak u vilu bez mogu\u0107nosti povrata upla\u0107enog iznosa najma.<\/p>\n<ol start=\"2\">\n<li><strong> VILA<\/strong><\/li>\n<\/ol>\n<p><strong>2.1. Broj gostiju<\/strong><\/p>\n<p>Broj osoba smje\u0161tenih u vili ili na pripadaju\u0107im prostorima ne smije u nijednom trenutku biti ve\u0107i od 14 (\u010detrnaest). Ovaj broj uklju\u010duje djecu stariju od jedne godine. Na zahtjev gosta, unaprijed dogovoreni broj osoba mo\u017ee se pove\u0107ati do maksimalnog kapaciteta od 14 osoba, najkasnije 3 (tri) dana prije dolaska. Zahtjev za promjenom broja gostiju mora biti podnesen u pisanom obliku putem e-maila.<\/p>\n<p>Gost je du\u017ean unaprijed najaviti sve posjetitelje koji \u0107e ga posje\u0107ivati tijekom boravka u vili. Ukupan broj osoba u vili i na pripadaju\u0107em imanju, uklju\u010duju\u0107i goste i posjetitelje, ne smije prema\u0161iti maksimalan broj od 14 osoba bez posebnog odobrenja vlasnika.<\/p>\n<p>Ako u vili ili na pripadaju\u0107im prostorima boravi vi\u0161e osoba od maksimalno dopu\u0161tenog broja bez odobrenja vlasnika, vlasnik zadr\u017eava pravo raskinuti ugovor o najmu. Takav raskid stupa na snagu odmah, bez otkaznog roka, a gost je du\u017ean napustiti vilu trajno, zajedno sa svim osobama koje su s njim, u roku od 2 (dva) sata. U tom slu\u010daju gost nema pravo na povrat upla\u0107ene naknade za najam.<\/p>\n<p><strong>2.2. Grupe mladih<\/strong><\/p>\n<p>U slu\u010daju da su gosti mla\u0111i od 25 godina, du\u017eni su tijekom rezervacije obavijestiti vlasnika o to\u010dnom broju gostiju i njihovoj dobi. U tom slu\u010daju, a radi o\u010duvanja rezervacije, mo\u017ee biti potrebno uplatiti dodatni depozit kao osiguranje za mogu\u0107e \u0161tete na imovini. Vlasnik zadr\u017eava pravo odbiti grupe gostiju mla\u0111e od 25 godina ako o njihovom dolasku nije bio obavije\u0161ten tijekom rezervacije. U tom slu\u010daju gosti nemaju pravo na povrat upla\u0107ene naknade za najam.<\/p>\n<p><strong>2.3. \u0160atori i kamp-prikolice<\/strong><\/p>\n<p>Zabranjeno je postavljanje \u0161atora, kori\u0161tenje kamp-prikolica ili sli\u010dne opreme za kampiranje na imanju. Vlasnik ima pravo zahtijevati da se navedeno odmah ukloni. Ako gost ne udovolji zahtjevu bez odga\u0111anja, vlasnik ima pravo raskinuti ugovor o najmu. Takav raskid stupa na snagu odmah, bez otkaznog roka, a gost je du\u017ean trajno napustiti vilu zajedno sa svim osobama koje su s njim u roku od 2 (dva) sata. U tom slu\u010daju gost nema pravo na povrat upla\u0107ene naknade za najam.<\/p>\n<p><strong>2.4. Ku\u0107ni ljubimci i alergije<\/strong><\/p>\n<p>Vila je pogodna za ku\u0107ne ljubimce i dozvoljeno je maksimalno 2 (dva) dobro odgojena ku\u0107na ljubimca. Nije dozvoljeno dr\u017eanje ve\u0107eg broja ku\u0107nih ljubimaca. Vlasnici ku\u0107nih ljubimaca odgovorni su za \u010di\u0161\u0107enje izmeta za svojim ljubimcem, a ku\u0107nim ljubimcima nije dopu\u0161teno sjediti na namje\u0161taju ni u jednom trenutku. Svaki dokaz da ku\u0107ni ljubimac koristi namje\u0161taj mo\u017ee uzrokovati dodatne tro\u0161kove \u010di\u0161\u0107enja. Svi ku\u0107ni ljubimci moraju biti cijepljeni protiv bjesno\u0107e i svih drugih bolesti u skladu s va\u017ee\u0107im propisima. Preporu\u010dujemo gostu da poduzme sve mjere opreza kako bi za\u0161titio svog ljubimca od uobi\u010dajenih bolesti prije dolaska u vilu. Dr\u017eanje ku\u0107nih ljubimaca u vili isklju\u010divo je odgovornost gosta i vlasnik ne\u0107e preuzeti nikakvu odgovornost za mogu\u0107e bolesti ili ozljede koje bi ku\u0107ni ljubimac mogao pretrpjeti tijekom boravka. Pristup bazenu i kori\u0161tenje bazena od strane ku\u0107nih ljubimaca strogo je zabranjeno.<\/p>\n<p>Ako gost dovede ku\u0107nog ljubimca koji nije bio najavljen, vlasnik zadr\u017eava pravo raskinuti ugovor o najmu. Takav raskid stupa na snagu odmah, bez otkaznog roka, a gost je du\u017ean trajno napustiti vilu zajedno sa svim osobama koje u njoj borave u roku od 2 (dva) sata. U tom slu\u010daju gost nema pravo na povrat najamnine od vlasnika.<\/p>\n<p><strong>2.5. Buka<\/strong><\/p>\n<p>Postoji mogu\u0107nost da tijekom boravka u vili gosti \u010duju buku s gradili\u0161ta, prometa ili sli\u010dno. U tom slu\u010daju vlasnik se ne mo\u017ee smatrati odgovornim za navedenu buku.<\/p>\n<p>Buka i zadirkivanje koje gost proizvodi, a koje ne prestanu nakon upozorenja, mogu se smatrati te\u0161kim kr\u0161enjem odredbi ugovora o najmu. U tom slu\u010daju vlasnik je ovla\u0161ten raskinuti ugovor o najmu. Takav raskid stupa na snagu odmah, bez otkaznog roka, a gost je du\u017ean trajno napustiti vilu zajedno sa svim osobama koje u njoj borave u roku od 2 (dva) sata. U tom slu\u010daju gost nema pravo na povrat najamnine od vlasnika.<\/p>\n<p><strong>2.6. Bazen<\/strong><\/p>\n<p>Radi vlastite sigurnosti, gost je du\u017ean po\u0161tivati upute vlasnika koje se odnose na kori\u0161tenje bazena. Sva odgovornost za kori\u0161tenje bazena i bazenskog prostora isklju\u010divo je na gostu. Djeca ne smiju biti prisutna u bazenskom prostoru bez nadzora odraslih. Ako je smje\u0161taj rezerviran izvan ljetne sezone, mo\u017ee se dogoditi da bazen nije u upotrebi.<\/p>\n<p><strong>2.7. Ku\u0107ni red<\/strong><\/p>\n<p>Ku\u0107ni red je tiskan i nalazi se u vili te je gostu dostupan u svakom trenutku. Gost je du\u017ean po\u0161tivati ku\u0107ni red. Ako gost ne po\u0161tuje ku\u0107ni red, to se mo\u017ee smatrati te\u0161kim kr\u0161enjem odredbi ugovora o najmu. U tom slu\u010daju vlasnik je ovla\u0161ten raskinuti ugovor o najmu. Takav raskid stupa na snagu odmah, bez otkaznog roka, a gost je du\u017ean trajno napustiti vilu zajedno sa svim osobama koje u njoj borave u roku od 2 (dva) sata. U tom slu\u010daju gost nema pravo na povrat upla\u0107enog najma od vlasnika.<\/p>\n<ol start=\"3\">\n<li><strong> CIJENE I PLA\u0106ANJE<\/strong><\/li>\n<\/ol>\n<p>Cijene su izra\u017eene u eurima. Rezervacija je obvezuju\u0107a, a prilikom rezervacije potrebna je uplata akontacije u iznosu od 30% dogovorene cijene smje\u0161taja, nakon \u010dega se rezervacija potvr\u0111uje te se prihva\u0107aju Op\u0107i uvjeti poslovanja koji su sastavni dio ugovora o najmu vile. Ugovor o najmu smatra se sklopljenim u trenutku kada vlasnik primi akontaciju. Rezervacija nije u potpunosti va\u017ee\u0107a dok vlasnik ne primi akontaciju.<\/p>\n<p>Tro\u0161kovi vode, plina, elektri\u010dne energije i interneta, kao i posteljina, ru\u010dnici, kuhinjske krpe, zavr\u0161no \u010di\u0161\u0107enje interijera, odr\u017eavanje bazena i eksterijera, prijava boravka, boravi\u0161na pristojba i porez na dodanu vrijednost uklju\u010deni su u cijenu smje\u0161taja. Pla\u0107anje se vr\u0161i isklju\u010divo bankovnim transferom. Sva pla\u0107anja moraju se izvr\u0161iti u eurima. Ostatak najamnine (70% dogovorene cijene smje\u0161taja) mora se izvr\u0161iti najkasnije 30 dana prije dolaska u vilu.<\/p>\n<p>U slu\u010daju otkazivanja rezervacije, sve ve\u0107 izvr\u0161ene uplate ne mogu biti vra\u0107ene. Preporu\u010dujemo ugovaranje putnog osiguranja koje pokriva rizik otkazivanja putovanja.<\/p>\n<p><strong>3.1. Rezervacije izvr\u0161ene 30 i vi\u0161e dana prije po\u010detka razdoblja najma<\/strong><\/p>\n<p>Za rezervacije izvr\u0161ene 30 i vi\u0161e dana prije po\u010detka razdoblja najma primjenjuju se sljede\u0107i uvjeti:<\/p>\n<ol>\n<li>a) akontacija od 30% ukupne dogovorene cijene smje\u0161taja dospijeva ODMAH prilikom rezervacije.<\/li>\n<li>b) daljnjih 70% ukupne dogovorene cijene smje\u0161taja dospijeva najkasnije 30 (trideset) dana prije po\u010detka razdoblja najma.<\/li>\n<\/ol>\n<p><strong>3.2. Rezervacije izvr\u0161ene 30 i manje dana prije po\u010detka razdoblja najma<\/strong><\/p>\n<ol>\n<li>a) Ukupni iznos najma dospijeva ODMAH prilikom rezervacije.<\/li>\n<\/ol>\n<p><strong>3.3. Nepo\u0161tivanje rokova pla\u0107anja<\/strong><\/p>\n<p>Gost je du\u017ean izvr\u0161iti pla\u0107anja u roku i na na\u010din opisan u ovoj to\u010dki Op\u0107ih uvjeta. Ako gost ne po\u0161tuje rokove pla\u0107anja, to \u0107e se smatrati kr\u0161enjem ugovornih obveza, a ugovor o najmu bit \u0107e raskinut bez otkaznog roka. U ovom slu\u010daju vlasnik nije obvezan obavijestiti gosta o raskidu ugovora. Iako nije obvezan to u\u010diniti, vlasnik \u0107e poslati gostu obavijest kao podsjetnik na obvezu pla\u0107anja s odgovaraju\u0107im rokom ispunjenja.<\/p>\n<ol start=\"4\">\n<li><strong> RASKID I IZMJENE<\/strong><\/li>\n<\/ol>\n<p><strong>4.1.<\/strong> Sklopljeni ugovor o najmu mo\u017ee se raskinuti samo pisanim putem (e-po\u0161tom). Raskid stupa na snagu tek od dana kada vlasnik primi takvu obavijest o raskidu i samo pod uvjetima iz ove to\u010dke Op\u0107ih uvjeta.<\/p>\n<p><strong>4.2.<\/strong> U slu\u010daju raskida ugovora o najmu, sve primljene uplate do datuma raskida zadr\u017eavaju se i gost nema pravo na njihov povrat.<\/p>\n<p><strong>4.3.<\/strong> U slu\u010daju da gost prona\u0111e drugog gosta kao svoju zamjenu u istom razdoblju, po istoj cijeni i pod istim uvjetima, vlasnik \u0107e prenijeti ugovor o najmu na novog gosta. Prijenos \u0107e se dogoditi odmah nakon \u0161to vlasnik primi pisanu potvrdu o svim potrebnim podacima o novom gostu. Vlasnik \u0107e novom gostu poslati pisanu potvrdu ugovora o najmu. Ve\u0107 primljenu naknadu za smje\u0161taj vlasnik \u0107e zadr\u017eati nakon prijenosa ugovora na novog gosta. Novi gost bit \u0107e du\u017ean platiti ostatak do ukupne cijene smje\u0161taja.<\/p>\n<p><strong>4.4.<\/strong> U slu\u010daju da vila nije dostupna za najam zbog vi\u0161e sile poput potresa, poplave, po\u017eara, epidemije itd., vlasnik ne snosi odgovornost za otkazane rezervacije.<\/p>\n<ol start=\"5\">\n<li><strong> DEPOZIT U SLU\u010cAJU \u0160TETE<\/strong><\/li>\n<\/ol>\n<p>Gost je du\u017ean ostaviti polog u iznosu od 1000 eura u gotovini prilikom dolaska u vilu ili putem bankovnog transfera. Polog slu\u017ei kao osiguranje za mogu\u0107e \u0161tete u vili, a vlasnik ima pravo pokriti \u0161tetu iz pologa. U slu\u010daju da je prouzro\u010dena \u0161teta ve\u0107a od polo\u017eenog iznosa, gost je du\u017ean platiti vlasniku ukupni iznos \u0161tete koji odredi vlasnik. Ako vili nije prouzro\u010dena \u0161teta, vlasnik je du\u017ean vratiti polo\u017eeni iznos u gotovini gostu prilikom odlaska ili putem bankovnog transfera.<\/p>\n<ol start=\"6\">\n<li><strong> \u0160TETA<\/strong><\/li>\n<\/ol>\n<p>Gost je du\u017ean pona\u0161ati se odgovorno i s primjerenim po\u0161tovanjem prema iznajmljenoj vili. Gost je du\u017ean vratiti vilu u stanju u kojem ju je primio. Za svaku prouzro\u010denu \u0161tetu gost je izravno odgovoran vlasniku. Vlasnik ima pravo koristiti polog za pokrivanje iznosa stvarne \u0161tete u skladu s \u010dlankom 5. ovih Op\u0107ih uvjeta i odredbi. Ako iznos pologa ne pokriva \u0161tetu, gost je du\u017ean platiti razliku do ukupnog iznosa \u0161tete izravno vlasniku.<\/p>\n<p>Namjerno o\u0161te\u0107enje imovine ili reme\u0107enje javnog reda i mira smatra se te\u017eim kr\u0161enjem odredbi Ugovora o najmu. U tom slu\u010daju vlasnik je ovla\u0161ten raskinuti ugovor o najmu. Takav raskid stupa na snagu odmah, bez otkaznog roka, a gost je du\u017ean trajno napustiti vilu zajedno sa svim osobama koje u njoj borave u roku od 2 (dva) sata. U tom slu\u010daju gost nema pravo na povrat upla\u0107enog najma od vlasnika.<\/p>\n<p>Gost je du\u017ean odmah prijaviti vlasniku svaku \u0161tetu na vili ili imovini oko vile tijekom razdoblja najma. Prilikom odlaska gosta i prije povrata klju\u010deva, gost je du\u017ean s vlasnikom pregledati vilu i imovinu oko vile.<\/p>\n<p>U slu\u010daju da nije nastala \u0161teta, vlasnik je du\u017ean vratiti polog iz \u010dlanka 5. ovih Op\u0107ih uvjeta.<\/p>\n<p>U slu\u010daju da je zbog posebno lo\u0161eg stanja u kojem je gost vratio vilu vlasniku potrebno dodatno \u010di\u0161\u0107enje, vlasnik ima pravo koristiti polog za pokrivanje dodatnih tro\u0161kova \u010di\u0161\u0107enja.<\/p>\n<ol start=\"7\">\n<li><strong> DODATNE USLUGE<\/strong><\/li>\n<\/ol>\n<p><strong>7.1. Telefon<\/strong><\/p>\n<p>Kori\u0161tenje telefona nije uklju\u010deno u cijenu smje\u0161taja.<\/p>\n<p><strong>7.2. Ostale dodatne usluge<\/strong><\/p>\n<p>Ako gost ima posebne zahtjeve koji nisu uklju\u010deni u cijenu smje\u0161taja (npr. kuhari, konobari, posebna hrana itd.), ispunit \u0107e ih, ako postoji mogu\u0107nost, vlasnik ili tre\u0107a strana. Zahtjevi za dodatne usluge moraju se unaprijed dostaviti putem e-po\u0161te.<\/p>\n<p>Vlasnik se ne mo\u017ee smatrati odgovornim za kvalitetu usluga koje pru\u017eaju tre\u0107e strane.<\/p>\n<ol start=\"8\">\n<li>\u0160TETE, PRITU\u017dBE I POPRAVCI<\/li>\n<\/ol>\n<p>Ako prilikom prijave gost primijeti \u0161tetu ili druge nepravilnosti u vili ili ima pritu\u017ebe druge vrste, du\u017ean je podnijeti pritu\u017ebu najkasnije u roku od 24 sata nakon prijave. Pritu\u017ebe u vezi s \u010di\u0161\u0107enjem treba podnijeti odmah.<\/p>\n<p>Pisane pritu\u017ebe treba poslati na e-mail adresu: info@villaox.com. Obveza je spremna poku\u0161ati izbje\u0107i nastanak ili pove\u0107ati \u0161tetu te smanjiti bilo kakav gubitak za vlasnika. U slu\u010daju bilo kakvih pritu\u017ebi gost je du\u017ean dati vlasniku primjereni rok za rje\u0161avanje pritu\u017ebe. Ako gost ne omogu\u0107i primjereni rok za uklanjanje nepravilnosti povezanih uz \u0161tetu, ne mo\u017ee se raskinuti sklopljeni ugovor o najmu. Vlasnik je isklju\u010divo odgovoran gostu za mogu\u0107u izravnu imovinsku \u0161tetu. Vlasnik se ne mo\u017ee smatrati odgovornim za bilo kakav oblik nematerijalne \u0161tete u obliku povrede prava osobnosti.<\/p>\n<ol start=\"9\">\n<li><strong> TEHNI\u010cKA OPREMA VILE<\/strong><\/li>\n<\/ol>\n<p>Gost je du\u017ean \u0161to prije obavijestiti vlasnika u slu\u010daju neispravnosti bilo kojeg od ure\u0111aja i ostale opreme koja se nalazi u vili. Vlasnik je du\u017ean otkloniti prijavljeni kvar u razumnom roku.<\/p>\n<ol start=\"10\">\n<li><strong> VI\u0160A SILA<\/strong><\/li>\n<\/ol>\n<p>U slu\u010daju da se sklopljeni ugovor o najmu ne mo\u017ee ispuniti ili njegovo ispunjenje postane znatno ote\u017eano zbog doga\u0111aja izvan kontrole vlasnika (npr. rat, prirodna katastrofa, ekolo\u0161ka katastrofa, epidemija, zatvaranje granica, \u0161trajk i sli\u010dni doga\u0111aji izvan kontrole vlasnika) koje vlasnik nije mogao razumno izbje\u0107i, vlasnik mo\u017ee raskinuti ugovor o najmu jer se ne mo\u017ee smatrati odgovornim u gore navedenim slu\u010dajevima.<\/p>\n<ol start=\"11\">\n<li><strong> ZAVR\u0160NE ODREDBE I NADLE\u017dNOST<\/strong><\/li>\n<\/ol>\n<p><strong>11.1.<\/strong> Vlasnik ne odgovara za fotografske pogre\u0161ke i pogre\u0161ke u ispisu pisane potvrde.<\/p>\n<p><strong>11.2.<\/strong> Svaka neovla\u0161tena upotreba informacija objavljenih na web stranici www.villaox.com, uklju\u010duju\u0107i bilo kakvu djelomi\u010dnu ili potpunu reprodukciju, predstavlja kr\u0161enje autorskih prava i zakonski je zabranjena.<\/p>\n<p><strong>11.3.<\/strong> U slu\u010daju kr\u0161enja odredbi ovog ugovora o najmu, vlasnik zadr\u017eava pravo raskinuti ugovor o najmu. Takav raskid stupa na snagu odmah, bez otkaznog roka, a gost je du\u017ean trajno napustiti vilu zajedno sa svim osobama koje u njoj borave u roku od 2 (dva) sata. U tom slu\u010daju gost nema pravo na povrat upla\u0107enog najma od vlasnika.<\/p>\n<p><strong>11.4.<\/strong> Ovi Op\u0107i uvjeti i odredbe sastavljeni su na hrvatskom jeziku i prevedeni su na engleski i njema\u010dki jezik. U slu\u010daju bilo kakvih nedosljednosti ili nesporazuma u vezi s tuma\u010denjem pojedinih pojmova u prevedenoj verziji ovih Op\u0107ih uvjeta i odredbi, mjerodavna je originalna verzija na hrvatskom jeziku.<\/p>\n<p><strong>11.5.<\/strong> Ugovorne strane \u0107e poku\u0161ati sve mogu\u0107e sporove rije\u0161iti sporazumno. U slu\u010daju bilo kakvog spora stranke suglasne su s nadle\u017eno\u0161\u0107u stvarno i mjesno nadle\u017enog suda te primjenom hrvatskog prava.<\/p>\t\t\t\t\t\t\t\t<\/div>\n\t\t\t\t<\/div>\n\t\t\t\t\t<\/div>\n\t\t\t\t<\/div>\n\t\t\t\t<\/div>\n\t\t","protected":false},"excerpt":{"rendered":"<p>OP\u0106ENITO Villa Ox je u vlasni\u0161tvu tvrtke Summum nekretnine d.o.o. (dru\u0161tvo s ograni\u010denom odgovorno\u0161\u0107u). Ovo su op\u0107i uvjeti najma koje sklapate kao najmoprimac (u daljnjem tekstu: gost) s Summum nekretnine d.o.o. kao najmodavcem (u daljnjem tekstu: vlasnik). Pla\u0107anjem predujma za [&hellip;]<\/p>\n","protected":false},"author":1,"featured_media":0,"parent":0,"menu_order":0,"comment_status":"closed","ping_status":"closed","template":"","meta":{"footnotes":""},"class_list":["post-2972","page","type-page","status-publish","hentry"],"_links":{"self":[{"href":"https:\/\/villaox.com\/hr\/wp-json\/wp\/v2\/pages\/2972","targetHints":{"allow":["GET"]}}],"collection":[{"href":"https:\/\/villaox.com\/hr\/wp-json\/wp\/v2\/pages"}],"about":[{"href":"https:\/\/villaox.com\/hr\/wp-json\/wp\/v2\/types\/page"}],"author":[{"embeddable":true,"href":"https:\/\/villaox.com\/hr\/wp-json\/wp\/v2\/users\/1"}],"replies":[{"embeddable":true,"href":"https:\/\/villaox.com\/hr\/wp-json\/wp\/v2\/comments?post=2972"}],"version-history":[{"count":0,"href":"https:\/\/villaox.com\/hr\/wp-json\/wp\/v2\/pages\/2972\/revisions"}],"wp:attachment":[{"href":"https:\/\/villaox.com\/hr\/wp-json\/wp\/v2\/media?parent=2972"}],"curies":[{"name":"wp","href":"https:\/\/api.w.org\/{rel}","templated":true}]}}