{"id":3291,"date":"2024-11-01T09:35:20","date_gmt":"2024-11-01T09:35:20","guid":{"rendered":"https:\/\/villaox.com\/?page_id=3291"},"modified":"2025-05-01T15:42:48","modified_gmt":"2025-05-01T15:42:48","slug":"uvjeti-koristenja","status":"publish","type":"page","link":"https:\/\/villaox.com\/hr\/uvjeti-koristenja\/","title":{"rendered":"Uvjeti kori\u0161tenja"},"content":{"rendered":"\t\t<div data-elementor-type=\"wp-page\" data-elementor-id=\"3291\" class=\"elementor elementor-3291 elementor-1620\" data-elementor-post-type=\"page\">\n\t\t\t\t<div class=\"elementor-element elementor-element-ccdd3f4 e-flex e-con-boxed e-con e-parent\" data-id=\"ccdd3f4\" data-element_type=\"container\" data-e-type=\"container\" data-settings=\"{&quot;hoteller_ext_is_background_parallax&quot;:&quot;false&quot;,&quot;hoteller_ext_is_background_backdrop&quot;:&quot;false&quot;,&quot;hoteller_ext_is_background_on_scroll&quot;:&quot;false&quot;,&quot;hoteller_ext_link_sidemenu&quot;:&quot;false&quot;,&quot;hoteller_ext_link_fullmenu&quot;:&quot;false&quot;,&quot;hoteller_ext_link_closed_fullmenu&quot;:&quot;false&quot;,&quot;hoteller_ext_is_scrollme&quot;:&quot;false&quot;,&quot;hoteller_ext_is_smoove&quot;:&quot;false&quot;,&quot;hoteller_ext_is_parallax_mouse&quot;:&quot;false&quot;,&quot;hoteller_ext_is_infinite&quot;:&quot;false&quot;,&quot;hoteller_ext_is_fadeout_animation&quot;:&quot;false&quot;,&quot;hoteller_ext_mobile_static&quot;:&quot;false&quot;}\">\n\t\t\t\t\t<div class=\"e-con-inner\">\n\t\t\t\t<div class=\"elementor-element elementor-element-1b739db elementor-widget elementor-widget-text-editor\" data-id=\"1b739db\" data-element_type=\"widget\" data-e-type=\"widget\" data-settings=\"{&quot;hoteller_ext_link_sidemenu&quot;:&quot;false&quot;,&quot;hoteller_ext_link_fullmenu&quot;:&quot;false&quot;,&quot;hoteller_ext_link_closed_fullmenu&quot;:&quot;false&quot;,&quot;hoteller_ext_is_scrollme&quot;:&quot;false&quot;,&quot;hoteller_ext_is_smoove&quot;:&quot;false&quot;,&quot;hoteller_ext_is_parallax_mouse&quot;:&quot;false&quot;,&quot;hoteller_ext_is_infinite&quot;:&quot;false&quot;,&quot;hoteller_ext_is_fadeout_animation&quot;:&quot;false&quot;,&quot;hoteller_ext_mobile_static&quot;:&quot;false&quot;}\" data-widget_type=\"text-editor.default\">\n\t\t\t\t<div class=\"elementor-widget-container\">\n\t\t\t\t\t\t\t\t\t<p>Sadr\u017eaj web stranice villaox.com je za\u0161ti\u0107en autorskim pravima. Neovla\u0161tena upotreba bilo kojeg dijela villaox.com, bez dopu\u0161tenja vlasnika autorskih prava, smatra se kr\u0161enjem autorskih prava i podlo\u017ena je pritu\u017ebama.<\/p><p>Dokumenti, podaci i informacije objavljeni na web stranici villaox.com ne smiju se reproducirati, distribuirati ili koristiti u komercijalne svrhe na bilo koji na\u010din bez izri\u010ditog pristanka vlasnika web stranice villaox.com ili na bilo koji na\u010din koji bi mogao nanijeti \u0161tetu vlasnicima Ville OX i Ville bOX ili bilo kojoj tre\u0107oj strani.<\/p><p>Dokumenti, podaci i informacije objavljeni na ovoj web stranici mogu se koristiti samo za individualne potrebe korisnika uz po\u0161tovanje svih autorskih i imovinskih prava te prava tre\u0107ih strana.<\/p><p>Kori\u0161tenjem sadr\u017eaja ove web stranice, korisnik prihva\u0107a sve rizike koji proizlaze iz kori\u0161tenja ove web stranice i pristaje koristiti sadr\u017eaj ove web stranice isklju\u010divo za osobnu upotrebu i na vlastitu odgovornost.<\/p><p>Vlasnici stranice villaox.com potpuno se odri\u010du bilo kakve odgovornosti (i) koja mo\u017ee nastati na bilo koji na\u010din u vezi s kori\u0161tenjem ove web stranice, (ii) za bilo koju korisni\u010dku radnju koja koristi ili zloupotrebljava sadr\u017eaj ove web stranice, te (iii) za bilo kakvu \u0161tetu koja mo\u017ee nastati korisniku ili bilo kojoj tre\u0107oj strani u vezi s kori\u0161tenjem ili zloupotrebom sadr\u017eaja ove web stranice.<\/p><p>Ova web stranica tako\u0111er sadr\u017ei dokumente, podatke, informacije i poveznice na druge web stranice koje su kreirali tre\u0107i subjekti, a koje \u0107e, kad god bude mogu\u0107e, biti ozna\u010dene kao takve.<\/p><p>villaox.com nema kontrolu nad prethodno spomenutim dokumentima, podacima, informacijama ili drugim web stranicama op\u0107enito i odri\u010de se svake odgovornosti, uklju\u010duju\u0107i, ali ne ograni\u010davaju\u0107i se na, to\u010dnost, potpunost i dostupnost sadr\u017eaja na web stranicama koje su kreirali tre\u0107i.<\/p><p>Web stranica villaox.com nema kontrolu nad navedenim dokumentima, podacima, informacijama ili drugim web stranicama op\u0107enito te se odri\u010de svake odgovornosti, uklju\u010duju\u0107i, ali ne ograni\u010davaju\u0107i se na, to\u010dnost, potpunost i dostupnost sadr\u017eaja na web stranicama koje su kreirali tre\u0107i.<\/p><p>Web stranica villaox.com koristi kola\u010di\u0107e kako bi korisniku omogu\u0107ila punu funkcionalnost i kvalitetan sadr\u017eaj besplatno.<\/p><p>Kola\u010di\u0107i predstavljaju skup podataka koje generira poslu\u017eitelj web stranice i pohranjuje ih web preglednik na korisni\u010dkom disku kao malu tekstualnu datoteku.<\/p><p>Sesijski kola\u010di\u0107 se postavlja na ra\u010dunalo korisnika web stranice villaox.com samo tijekom trajanja njegova posjeta ovoj web stranici i omogu\u0107uje korisniku da u\u010dinkovitije koristi istu web stranicu, a automatski istje\u010de kada korisnik zatvori svoj preglednik.<\/p><p>Osim toga, web stranica villaox.com prati statisti\u010dku posje\u0107enost samo kako bi dobila potrebne informacije o atraktivnosti i u\u010dinkovitosti svojih stranica na tr\u017ei\u0161tu, koriste\u0107i uslugu tre\u0107e strane pod nazivom Google Analytics.<\/p><p>Detaljne informacije tre\u0107ih strana o ovoj usluzi, kao i mogu\u0107nosti korisnika web stranice villaox.com u vezi s regulacijom kola\u010di\u0107a koji su potrebni za istu, dostupne su ovdje: <a href=\"https:\/\/safety.google\/privacy\/privacy-controls\/\" target=\"_blank\" rel=\"noopener\">https:\/\/safety.google\/privacy\/privacy-controls\/<\/a><\/p><p>Korisnici web stranice villaox.com uvijek mogu neovisno regulirati primanje kola\u010di\u0107a putem postavki svog web preglednika.<\/p><p>villaox.com isklju\u010duje svaku odgovornost za bilo kakav gubitak funkcionalnosti i\/ili kvalitete sadr\u017eaja web stranice villaox.com u svim slu\u010dajevima izbora regulacije prihva\u0107anja kola\u010di\u0107a od strane korisnika.<\/p><p>Kori\u0161tenjem web stranice villaox.com, korisnici se smatraju upoznatima i sla\u017eu se s ovim Uvjetima kori\u0161tenja u bilo kojem trenutku, uklju\u010duju\u0107i uvjete obrade podataka i opcije vezane uz kola\u010di\u0107e.<\/p><p>Web stranica villaox.com obvezuje se po\u0161tovati anonimnost i privatnost korisnika ove web stranice.<\/p><p>villaox.com mo\u017ee prikupljati osobne podatke korisnika, kao \u0161to su ime, adresa, telefonski broj ili e-mail adresa, samo ako isti korisnik dobrovoljno dostavi te podatke putem kontakt stranice ili izravnom elektroni\u010dkom porukom na jednu od na\u0161ih e-mail adresa.<\/p><p>villaox.com \u0107e koristiti ove informacije isklju\u010divo u svrhu boljeg uvida i razumijevanja individualnih potreba i zahtjeva korisnika, kao i razvijanja sposobnosti pru\u017eanja svih usluga na zadovoljstvo kupaca.<\/p><p>villaox.com se obvezuje da takve podatke ne\u0107e u\u010diniti dostupnima tre\u0107im stranama bez izri\u010ditog pristanka korisnika.<\/p><p>villaox.com zadr\u017eava pravo izmjene sadr\u017eaja ove web stranice i ne\u0107e biti odgovoran za mogu\u0107e posljedice koje proizlaze iz takvih promjena.<\/p><p>villaox.com zadr\u017eava pravo promjene Uvjeta kori\u0161tenja.<\/p><p>Za sve promjene Uvjeta kori\u0161tenja, korisnici \u0107e biti pravovremeno i odgovaraju\u0107e obavije\u0161teni.<\/p><p>Izmjene Uvjeta kori\u0161tenja stupaju na snagu na dan njihove objave na web stranici villaox.com.<\/p>\t\t\t\t\t\t\t\t<\/div>\n\t\t\t\t<\/div>\n\t\t\t\t\t<\/div>\n\t\t\t\t<\/div>\n\t\t\t\t<\/div>\n\t\t","protected":false},"excerpt":{"rendered":"<p>Sadr\u017eaj web stranice villaox.com je za\u0161ti\u0107en autorskim pravima. Neovla\u0161tena upotreba bilo kojeg dijela villaox.com, bez dopu\u0161tenja vlasnika autorskih prava, smatra se kr\u0161enjem autorskih prava i podlo\u017ena je pritu\u017ebama. Dokumenti, podaci i informacije objavljeni na web stranici villaox.com ne smiju se [&hellip;]<\/p>\n","protected":false},"author":1,"featured_media":0,"parent":0,"menu_order":0,"comment_status":"closed","ping_status":"closed","template":"elementor_theme","meta":{"footnotes":""},"class_list":["post-3291","page","type-page","status-publish","hentry"],"_links":{"self":[{"href":"https:\/\/villaox.com\/hr\/wp-json\/wp\/v2\/pages\/3291","targetHints":{"allow":["GET"]}}],"collection":[{"href":"https:\/\/villaox.com\/hr\/wp-json\/wp\/v2\/pages"}],"about":[{"href":"https:\/\/villaox.com\/hr\/wp-json\/wp\/v2\/types\/page"}],"author":[{"embeddable":true,"href":"https:\/\/villaox.com\/hr\/wp-json\/wp\/v2\/users\/1"}],"replies":[{"embeddable":true,"href":"https:\/\/villaox.com\/hr\/wp-json\/wp\/v2\/comments?post=3291"}],"version-history":[{"count":0,"href":"https:\/\/villaox.com\/hr\/wp-json\/wp\/v2\/pages\/3291\/revisions"}],"wp:attachment":[{"href":"https:\/\/villaox.com\/hr\/wp-json\/wp\/v2\/media?parent=3291"}],"curies":[{"name":"wp","href":"https:\/\/api.w.org\/{rel}","templated":true}]}}