{"id":3376,"date":"2023-09-10T03:25:32","date_gmt":"2023-09-10T03:25:32","guid":{"rendered":"https:\/\/villaox.com\/potvrda-rezervacije-2\/transakcija-nije-uspjela\/"},"modified":"2023-09-10T03:25:32","modified_gmt":"2023-09-10T03:25:32","slug":"transakcija-nije-uspjela","status":"publish","type":"page","link":"https:\/\/villaox.com\/hr\/potvrda-rezervacije-2\/transakcija-nije-uspjela\/","title":{"rendered":"Transakcija nije uspjela"},"content":{"rendered":"<p>Na\u017ealost, va\u0161a transakcija trenutno ne mo\u017ee biti provedena. Molimo poku\u0161ajte ponovno ili nas kontaktirajte.<\/p>\n","protected":false},"excerpt":{"rendered":"<p>Na\u017ealost, va\u0161a transakcija trenutno ne mo\u017ee biti provedena. Molimo poku\u0161ajte ponovno ili nas kontaktirajte.<\/p>\n","protected":false},"author":1,"featured_media":0,"parent":3367,"menu_order":0,"comment_status":"closed","ping_status":"closed","template":"","meta":{"footnotes":""},"class_list":["post-3376","page","type-page","status-publish","hentry"],"_links":{"self":[{"href":"https:\/\/villaox.com\/hr\/wp-json\/wp\/v2\/pages\/3376","targetHints":{"allow":["GET"]}}],"collection":[{"href":"https:\/\/villaox.com\/hr\/wp-json\/wp\/v2\/pages"}],"about":[{"href":"https:\/\/villaox.com\/hr\/wp-json\/wp\/v2\/types\/page"}],"author":[{"embeddable":true,"href":"https:\/\/villaox.com\/hr\/wp-json\/wp\/v2\/users\/1"}],"replies":[{"embeddable":true,"href":"https:\/\/villaox.com\/hr\/wp-json\/wp\/v2\/comments?post=3376"}],"version-history":[{"count":0,"href":"https:\/\/villaox.com\/hr\/wp-json\/wp\/v2\/pages\/3376\/revisions"}],"up":[{"embeddable":true,"href":"https:\/\/villaox.com\/hr\/wp-json\/wp\/v2\/pages\/3367"}],"wp:attachment":[{"href":"https:\/\/villaox.com\/hr\/wp-json\/wp\/v2\/media?parent=3376"}],"curies":[{"name":"wp","href":"https:\/\/api.w.org\/{rel}","templated":true}]}}